{"id":1358,"date":"2024-01-18T17:57:37","date_gmt":"2024-01-18T20:57:37","guid":{"rendered":"https:\/\/oficina.iuno.com.br\/?page_id=1358"},"modified":"2024-01-18T17:58:38","modified_gmt":"2024-01-18T20:58:38","slug":"servicos","status":"publish","type":"page","link":"https:\/\/oficina.iuno.com.br\/index.php\/servicos\/","title":{"rendered":"Servi\u00e7os"},"content":{"rendered":"\t\t<div data-elementor-type=\"wp-page\" data-elementor-id=\"1358\" class=\"elementor elementor-1358\">\n\t\t\t\t\t\t\t<div class=\"elementor-element elementor-element-2574063 e-flex e-con-boxed e-con e-parent\" data-id=\"2574063\" data-element_type=\"container\" data-settings=\"{&quot;content_width&quot;:&quot;boxed&quot;}\" data-core-v316-plus=\"true\">\n\t\t\t\t\t<div class=\"e-con-inner\">\n\t\t<div class=\"elementor-element elementor-element-bcf5915 e-con-full e-flex e-con e-child\" data-id=\"bcf5915\" data-element_type=\"container\" data-settings=\"{&quot;content_width&quot;:&quot;full&quot;}\">\n\t\t\t\t<div class=\"elementor-element elementor-element-8ad8b53 elementor-widget elementor-widget-text-editor\" data-id=\"8ad8b53\" data-element_type=\"widget\" data-widget_type=\"text-editor.default\">\n\t\t\t\t<div class=\"elementor-widget-container\">\n\t\t\t<style>\/*! elementor - v3.18.0 - 20-12-2023 *\/\n.elementor-widget-text-editor.elementor-drop-cap-view-stacked .elementor-drop-cap{background-color:#69727d;color:#fff}.elementor-widget-text-editor.elementor-drop-cap-view-framed .elementor-drop-cap{color:#69727d;border:3px solid;background-color:transparent}.elementor-widget-text-editor:not(.elementor-drop-cap-view-default) .elementor-drop-cap{margin-top:8px}.elementor-widget-text-editor:not(.elementor-drop-cap-view-default) .elementor-drop-cap-letter{width:1em;height:1em}.elementor-widget-text-editor .elementor-drop-cap{float:left;text-align:center;line-height:1;font-size:50px}.elementor-widget-text-editor .elementor-drop-cap-letter{display:inline-block}<\/style>\t\t\t\t<h2>Nossos servi\u00e7os<\/h2><p>Servi\u00e7os de recupera\u00e7\u00e3o e impermeabiliza\u00e7\u00e3o em todos os tipos de caixa d&#8217;\u00e1gua.<\/p><p>Limpezas de todos os tipos de caixa d&#8217;\u00e1gua higieniza\u00e7\u00e3o.<\/p><p>Caixa d&#8217;\u00e1gua de alvenaria predial residencial e comercial.<\/p><p>Caixa d&#8217;\u00e1gua met\u00e1lica industrial e comercial.<\/p><p>Caixa d&#8217;\u00e1gua de fibra de vidro residencial Predial e comercial<\/p><p>Recupera\u00e7\u00e3o e impermeabiliza\u00e7\u00e3o de piscinas e terra\u00e7o.<\/p><p>Nos siga em nosso Instagram e confira fotos e v\u00eddeos de nossos servi\u00e7os.<\/p>\t\t\t\t\t\t<\/div>\n\t\t\t\t<\/div>\n\t\t\t\t<\/div>\n\t\t<div class=\"elementor-element elementor-element-22559d9 e-con-full e-flex e-con e-child\" data-id=\"22559d9\" data-element_type=\"container\" data-settings=\"{&quot;content_width&quot;:&quot;full&quot;}\">\n\t\t\t\t<div class=\"elementor-element elementor-element-4bee032 elementor-widget elementor-widget-image\" data-id=\"4bee032\" data-element_type=\"widget\" data-widget_type=\"image.default\">\n\t\t\t\t<div class=\"elementor-widget-container\">\n\t\t\t<style>\/*! elementor - v3.18.0 - 20-12-2023 *\/\n.elementor-widget-image{text-align:center}.elementor-widget-image a{display:inline-block}.elementor-widget-image a img[src$=\".svg\"]{width:48px}.elementor-widget-image img{vertical-align:middle;display:inline-block}<\/style>\t\t\t\t\t\t\t\t\t\t\t\t<img fetchpriority=\"high\" decoding=\"async\" width=\"1024\" height=\"662\" src=\"https:\/\/oficina.iuno.com.br\/wp-content\/uploads\/2024\/01\/CAIXA3-1024x662.jpg\" class=\"attachment-large size-large wp-image-1242\" alt=\"\" srcset=\"https:\/\/oficina.iuno.com.br\/wp-content\/uploads\/2024\/01\/CAIXA3-1024x662.jpg 1024w, https:\/\/oficina.iuno.com.br\/wp-content\/uploads\/2024\/01\/CAIXA3-300x194.jpg 300w, https:\/\/oficina.iuno.com.br\/wp-content\/uploads\/2024\/01\/CAIXA3-768x497.jpg 768w, https:\/\/oficina.iuno.com.br\/wp-content\/uploads\/2024\/01\/CAIXA3.jpg 1140w\" sizes=\"(max-width: 1024px) 100vw, 1024px\" \/>\t\t\t\t\t\t\t\t\t\t\t\t\t\t\t<\/div>\n\t\t\t\t<\/div>\n\t\t\t\t<\/div>\n\t\t\t\t\t<\/div>\n\t\t\t\t<\/div>\n\t\t\t\t\t\t\t<\/div>\n\t\t","protected":false},"excerpt":{"rendered":"<p>Nossos servi\u00e7os Servi\u00e7os de recupera\u00e7\u00e3o e impermeabiliza\u00e7\u00e3o em todos os tipos de caixa d&#8217;\u00e1gua. Limpezas de todos os tipos de caixa d&#8217;\u00e1gua higieniza\u00e7\u00e3o. Caixa d&#8217;\u00e1gua de alvenaria predial residencial e comercial. Caixa d&#8217;\u00e1gua met\u00e1lica industrial e comercial. Caixa d&#8217;\u00e1gua de fibra de vidro residencial Predial e comercial Recupera\u00e7\u00e3o e impermeabiliza\u00e7\u00e3o de piscinas e terra\u00e7o. Nos&#8230;<\/p>\n","protected":false},"author":1,"featured_media":0,"parent":0,"menu_order":0,"comment_status":"closed","ping_status":"closed","template":"","meta":{"_kadence_starter_templates_imported_post":false,"_kad_post_transparent":"","_kad_post_title":"hide","_kad_post_layout":"fullwidth","_kad_post_sidebar_id":"","_kad_post_content_style":"unboxed","_kad_post_vertical_padding":"hide","_kad_post_feature":"hide","_kad_post_feature_position":"","_kad_post_header":false,"_kad_post_footer":false,"footnotes":"","_joinchat":[]},"_links":{"self":[{"href":"https:\/\/oficina.iuno.com.br\/index.php\/wp-json\/wp\/v2\/pages\/1358"}],"collection":[{"href":"https:\/\/oficina.iuno.com.br\/index.php\/wp-json\/wp\/v2\/pages"}],"about":[{"href":"https:\/\/oficina.iuno.com.br\/index.php\/wp-json\/wp\/v2\/types\/page"}],"author":[{"embeddable":true,"href":"https:\/\/oficina.iuno.com.br\/index.php\/wp-json\/wp\/v2\/users\/1"}],"replies":[{"embeddable":true,"href":"https:\/\/oficina.iuno.com.br\/index.php\/wp-json\/wp\/v2\/comments?post=1358"}],"version-history":[{"count":4,"href":"https:\/\/oficina.iuno.com.br\/index.php\/wp-json\/wp\/v2\/pages\/1358\/revisions"}],"predecessor-version":[{"id":1362,"href":"https:\/\/oficina.iuno.com.br\/index.php\/wp-json\/wp\/v2\/pages\/1358\/revisions\/1362"}],"wp:attachment":[{"href":"https:\/\/oficina.iuno.com.br\/index.php\/wp-json\/wp\/v2\/media?parent=1358"}],"curies":[{"name":"wp","href":"https:\/\/api.w.org\/{rel}","templated":true}]}}